{"id":179,"date":"2020-03-30T19:30:33","date_gmt":"2020-03-30T17:30:33","guid":{"rendered":"http:\/\/www.plasticoprimavera.it\/?page_id=179"},"modified":"2024-11-16T09:00:53","modified_gmt":"2024-11-16T08:00:53","slug":"il-tracciato","status":"publish","type":"page","link":"https:\/\/www.plasticoprimavera.it\/?page_id=179","title":{"rendered":"Il Tracciato"},"content":{"rendered":"<p class=\"fonts-plugin-block \" style=\"font-family: ABeeZee;font-weight: normal;font-size: 40px;text-align: center;color: #0b3954\">Il tracciato<\/p>\n\n<p class=\"fonts-plugin-block \" style=\"font-family: ABeeZee;font-weight: normal\">Dopo il travagliato trasferimento nella nuova sede sociale il tracciato del plastico \u00e8 stato sottoposto ad un radicale adattamento alle misure del nuovo locale.<br>Pur avendo fatto salve le porzioni di impianto relative alle stazioni Primavera, Corniglia e Guidonia sono state apportate delle variazioni e degli ampliamenti per collegare fra loro tutti i moduli.<br>Questi variazioni hanno permesso di estendere i percorsi sia quello della linea lenta che quello dell&#8217;alta velocit\u00e0. Quest&#8217;ultimo che corre lungo le tre pareti del locale, consente la vista di suggestivi passaggi in piena linea di dei convogli.<br><br>Una interessante novit\u00e0 \u00e8 costituita \u00e8 dalla messa in cantiere di una nuova stazione di testa ispirata alla stazione di Firenza Santa Maria Novella con un fascio di ben dieci binari e quattro tronchini. Questa stazione, attualmente in avanzata fase di realizzazione, \u00e8 stata collocata su una penisola al centro del locale tra lo scalo della stazione Primavera e le rampe di accesso all&#8217;alta velocit\u00e0. Essa si raccorda con tutte le linee dell&#8217;impianto.<br><br>Allo stato attuale sulla i dieci fasci di binari con i relativi scambi sono operativi e controllati digitalmente sia da computer che da lokmouse.<br><br>L&#8217;ultima novit\u00e0 \u00e8 stata la realizzazione di due nuove stazioni nascoste sovrapposte una per l&#8217;alta velocit\u00e0 e l&#8217;altra per la linea lenta. Queste due stazioni sono state collocate nello spazio tecnico retrostante la stazione di Guidonia. <\/p>\n\n<div class=\"wp-block-image\">\n<figure class=\"aligncenter size-large is-resized\"><a href=\"http:\/\/www.plasticoprimavera.it\/wp-content\/uploads\/2024\/11\/sinottico-primavera-2024-1368x912-1.jpg\"><img loading=\"lazy\" decoding=\"async\" width=\"1024\" height=\"725\" src=\"http:\/\/www.plasticoprimavera.it\/wp-content\/uploads\/2024\/11\/sinottico-primavera-2024-1368x912-1-1024x725.jpg\" alt=\"\" class=\"wp-image-582\" style=\"width:770px;height:531px\" srcset=\"https:\/\/www.plasticoprimavera.it\/wp-content\/uploads\/2024\/11\/sinottico-primavera-2024-1368x912-1-1024x725.jpg 1024w, https:\/\/www.plasticoprimavera.it\/wp-content\/uploads\/2024\/11\/sinottico-primavera-2024-1368x912-1-300x213.jpg 300w, https:\/\/www.plasticoprimavera.it\/wp-content\/uploads\/2024\/11\/sinottico-primavera-2024-1368x912-1-768x544.jpg 768w, https:\/\/www.plasticoprimavera.it\/wp-content\/uploads\/2024\/11\/sinottico-primavera-2024-1368x912-1-1226x868.jpg 1226w, https:\/\/www.plasticoprimavera.it\/wp-content\/uploads\/2024\/11\/sinottico-primavera-2024-1368x912-1-675x478.jpg 675w, https:\/\/www.plasticoprimavera.it\/wp-content\/uploads\/2024\/11\/sinottico-primavera-2024-1368x912-1.jpg 1368w\" sizes=\"(max-width: 1024px) 100vw, 1024px\" \/><\/a><figcaption class=\"wp-element-caption\">Sinottico impianto 2024<\/figcaption><\/figure><\/div>","protected":false},"excerpt":{"rendered":"","protected":false},"author":1,"featured_media":0,"parent":0,"menu_order":0,"comment_status":"closed","ping_status":"closed","template":"","meta":{"footnotes":""},"_links":{"self":[{"href":"https:\/\/www.plasticoprimavera.it\/index.php?rest_route=\/wp\/v2\/pages\/179"}],"collection":[{"href":"https:\/\/www.plasticoprimavera.it\/index.php?rest_route=\/wp\/v2\/pages"}],"about":[{"href":"https:\/\/www.plasticoprimavera.it\/index.php?rest_route=\/wp\/v2\/types\/page"}],"author":[{"embeddable":true,"href":"https:\/\/www.plasticoprimavera.it\/index.php?rest_route=\/wp\/v2\/users\/1"}],"replies":[{"embeddable":true,"href":"https:\/\/www.plasticoprimavera.it\/index.php?rest_route=%2Fwp%2Fv2%2Fcomments&post=179"}],"version-history":[{"count":15,"href":"https:\/\/www.plasticoprimavera.it\/index.php?rest_route=\/wp\/v2\/pages\/179\/revisions"}],"predecessor-version":[{"id":609,"href":"https:\/\/www.plasticoprimavera.it\/index.php?rest_route=\/wp\/v2\/pages\/179\/revisions\/609"}],"wp:attachment":[{"href":"https:\/\/www.plasticoprimavera.it\/index.php?rest_route=%2Fwp%2Fv2%2Fmedia&parent=179"}],"curies":[{"name":"wp","href":"https:\/\/api.w.org\/{rel}","templated":true}]}}