{"id":191,"date":"2020-03-30T20:53:36","date_gmt":"2020-03-30T18:53:36","guid":{"rendered":"http:\/\/www.plasticoprimavera.it\/?page_id=191"},"modified":"2020-04-02T01:54:33","modified_gmt":"2020-04-01T23:54:33","slug":"vecchio-impianto","status":"publish","type":"page","link":"https:\/\/www.plasticoprimavera.it\/?page_id=191","title":{"rendered":"Il vecchio impianto"},"content":{"rendered":"<p class=\"fonts-plugin-block \" style=\"font-family: ABeeZee;font-weight: normal;font-size: 40px;text-align: center\">Il vecchio Impianto<\/p>\n\n<p class=\"fonts-plugin-block \" style=\"font-family: ABeeZee;font-weight: normal\">L&#8217;installazione collocata fino al mese di giugno 2017 presso il Centro Commerciale Primavera \u00e8 stata realizzata con armamento Peco codice 100.<br>Il funzionamento dell&#8217;impianto \u00e8 interamente digitale (inizialmente era  stato predisposto per il solo il circuito della linea ad alta velocit\u00e0  una modalit\u00e0 mista analogica\/digitale) e controllato con una centralina e  una serie di booster Roco.<br><br>Lungo  la struttura di sostegno sono state collocate una serie di prese RJ12  per permettere il collegamento simultaneo di pi\u00f9 &#8220;multimouse&#8221; Roco in modo da  consentire il comando dei vari convogli a pi\u00f9 operatori.<br><br>Altres\u00ec \u00e8 stato anche predisposto un sistema WiFi realizzato appositamente da AiMa per manovrare i treni anche traminte il proprio smartphone.<br><br>Anche  gli scambi, interamente motorizzati solloplancia, possono essere  azionati dal multimouse o dallo smartphone sia singolarmente che in gruppo mediante percorsi predisposti in fase di programmazione. Il sistema di azionamento degli scambi \u00e8 stato anch&#8217;esso realizzato da AiMa.<br><br>Nelle figure di seguito riportate sono rappresentate le quattro sezioni della vecchia struttura e la sua vista di insieme.<\/p>\n\n\n<figure class=\"wp-block-gallery columns-4 is-cropped wp-block-gallery-1 is-layout-flex wp-block-gallery-is-layout-flex\"><ul class=\"blocks-gallery-grid\"><li class=\"blocks-gallery-item\"><figure><a href=\"http:\/\/www.plasticoprimavera.it\/wp-content\/uploads\/2020\/03\/OLD_AFP_20_A-3.jpg\"><img loading=\"lazy\" decoding=\"async\" width=\"1024\" height=\"488\" src=\"http:\/\/www.plasticoprimavera.it\/wp-content\/uploads\/2020\/03\/OLD_AFP_20_A-3-1024x488.jpg\" alt=\"\" data-id=\"208\" data-full-url=\"http:\/\/www.plasticoprimavera.it\/wp-content\/uploads\/2020\/03\/OLD_AFP_20_A-3.jpg\" data-link=\"http:\/\/www.plasticoprimavera.it\/vecchio-impianto\/old_afp_20_a-3\/\" class=\"wp-image-208\" srcset=\"https:\/\/www.plasticoprimavera.it\/wp-content\/uploads\/2020\/03\/OLD_AFP_20_A-3-1024x488.jpg 1024w, https:\/\/www.plasticoprimavera.it\/wp-content\/uploads\/2020\/03\/OLD_AFP_20_A-3-300x143.jpg 300w, https:\/\/www.plasticoprimavera.it\/wp-content\/uploads\/2020\/03\/OLD_AFP_20_A-3-768x366.jpg 768w, https:\/\/www.plasticoprimavera.it\/wp-content\/uploads\/2020\/03\/OLD_AFP_20_A-3-1226x584.jpg 1226w, https:\/\/www.plasticoprimavera.it\/wp-content\/uploads\/2020\/03\/OLD_AFP_20_A-3-675x322.jpg 675w, https:\/\/www.plasticoprimavera.it\/wp-content\/uploads\/2020\/03\/OLD_AFP_20_A-3.jpg 1473w\" sizes=\"(max-width: 1024px) 100vw, 1024px\" \/><\/a><\/figure><\/li><li class=\"blocks-gallery-item\"><figure><a href=\"http:\/\/www.plasticoprimavera.it\/wp-content\/uploads\/2020\/03\/OLD_AFP_20_B.jpg\"><img loading=\"lazy\" decoding=\"async\" width=\"1024\" height=\"557\" src=\"http:\/\/www.plasticoprimavera.it\/wp-content\/uploads\/2020\/03\/OLD_AFP_20_B-1024x557.jpg\" alt=\"\" data-id=\"202\" data-full-url=\"http:\/\/www.plasticoprimavera.it\/wp-content\/uploads\/2020\/03\/OLD_AFP_20_B.jpg\" data-link=\"http:\/\/www.plasticoprimavera.it\/vecchio-impianto\/old_afp_20_b\/\" class=\"wp-image-202\" srcset=\"https:\/\/www.plasticoprimavera.it\/wp-content\/uploads\/2020\/03\/OLD_AFP_20_B-1024x557.jpg 1024w, https:\/\/www.plasticoprimavera.it\/wp-content\/uploads\/2020\/03\/OLD_AFP_20_B-300x163.jpg 300w, https:\/\/www.plasticoprimavera.it\/wp-content\/uploads\/2020\/03\/OLD_AFP_20_B-768x418.jpg 768w, https:\/\/www.plasticoprimavera.it\/wp-content\/uploads\/2020\/03\/OLD_AFP_20_B-1226x667.jpg 1226w, https:\/\/www.plasticoprimavera.it\/wp-content\/uploads\/2020\/03\/OLD_AFP_20_B-675x367.jpg 675w, https:\/\/www.plasticoprimavera.it\/wp-content\/uploads\/2020\/03\/OLD_AFP_20_B.jpg 1348w\" sizes=\"(max-width: 1024px) 100vw, 1024px\" \/><\/a><figcaption class=\"blocks-gallery-item__caption\">Sez. B<\/figcaption><\/figure><\/li><li class=\"blocks-gallery-item\"><figure><a href=\"http:\/\/www.plasticoprimavera.it\/wp-content\/uploads\/2020\/03\/OLD_AFP_20_C.jpg\"><img loading=\"lazy\" decoding=\"async\" width=\"1024\" height=\"713\" src=\"http:\/\/www.plasticoprimavera.it\/wp-content\/uploads\/2020\/03\/OLD_AFP_20_C-1024x713.jpg\" alt=\"\" data-id=\"203\" data-full-url=\"http:\/\/www.plasticoprimavera.it\/wp-content\/uploads\/2020\/03\/OLD_AFP_20_C.jpg\" data-link=\"http:\/\/www.plasticoprimavera.it\/vecchio-impianto\/old_afp_20_c\/\" class=\"wp-image-203\" srcset=\"https:\/\/www.plasticoprimavera.it\/wp-content\/uploads\/2020\/03\/OLD_AFP_20_C-1024x713.jpg 1024w, https:\/\/www.plasticoprimavera.it\/wp-content\/uploads\/2020\/03\/OLD_AFP_20_C-300x209.jpg 300w, https:\/\/www.plasticoprimavera.it\/wp-content\/uploads\/2020\/03\/OLD_AFP_20_C-768x535.jpg 768w, https:\/\/www.plasticoprimavera.it\/wp-content\/uploads\/2020\/03\/OLD_AFP_20_C-675x470.jpg 675w, https:\/\/www.plasticoprimavera.it\/wp-content\/uploads\/2020\/03\/OLD_AFP_20_C.jpg 1053w\" sizes=\"(max-width: 1024px) 100vw, 1024px\" \/><\/a><figcaption class=\"blocks-gallery-item__caption\">Sez. C<\/figcaption><\/figure><\/li><li class=\"blocks-gallery-item\"><figure><a href=\"http:\/\/www.plasticoprimavera.it\/wp-content\/uploads\/2020\/03\/OLD_AFP_20_D.jpg\"><img loading=\"lazy\" decoding=\"async\" width=\"468\" height=\"879\" src=\"http:\/\/www.plasticoprimavera.it\/wp-content\/uploads\/2020\/03\/OLD_AFP_20_D.jpg\" alt=\"Sez. D\" data-id=\"204\" data-full-url=\"http:\/\/www.plasticoprimavera.it\/wp-content\/uploads\/2020\/03\/OLD_AFP_20_D.jpg\" data-link=\"http:\/\/www.plasticoprimavera.it\/vecchio-impianto\/old_afp_20_d\/\" class=\"wp-image-204\" srcset=\"https:\/\/www.plasticoprimavera.it\/wp-content\/uploads\/2020\/03\/OLD_AFP_20_D.jpg 468w, https:\/\/www.plasticoprimavera.it\/wp-content\/uploads\/2020\/03\/OLD_AFP_20_D-160x300.jpg 160w\" sizes=\"(max-width: 468px) 100vw, 468px\" \/><\/a><\/figure><\/li><\/ul><\/figure>\n\n\n\n<figure class=\"wp-block-gallery columns-1 is-cropped wp-block-gallery-2 is-layout-flex wp-block-gallery-is-layout-flex\"><ul class=\"blocks-gallery-grid\"><li class=\"blocks-gallery-item\"><figure><a href=\"http:\/\/www.plasticoprimavera.it\/wp-content\/uploads\/2020\/03\/AFP_PRIMAVERA_Big-scaled.jpg\"><img loading=\"lazy\" decoding=\"async\" width=\"1024\" height=\"208\" src=\"http:\/\/www.plasticoprimavera.it\/wp-content\/uploads\/2020\/03\/AFP_PRIMAVERA_Big-1024x208.jpg\" alt=\"\" data-id=\"192\" data-full-url=\"http:\/\/www.plasticoprimavera.it\/wp-content\/uploads\/2020\/03\/AFP_PRIMAVERA_Big-scaled.jpg\" data-link=\"http:\/\/www.plasticoprimavera.it\/vecchio-impianto\/afp_primavera_big\/\" class=\"wp-image-192\" srcset=\"https:\/\/www.plasticoprimavera.it\/wp-content\/uploads\/2020\/03\/AFP_PRIMAVERA_Big-1024x208.jpg 1024w, https:\/\/www.plasticoprimavera.it\/wp-content\/uploads\/2020\/03\/AFP_PRIMAVERA_Big-300x61.jpg 300w, https:\/\/www.plasticoprimavera.it\/wp-content\/uploads\/2020\/03\/AFP_PRIMAVERA_Big-768x156.jpg 768w, https:\/\/www.plasticoprimavera.it\/wp-content\/uploads\/2020\/03\/AFP_PRIMAVERA_Big-1536x312.jpg 1536w, https:\/\/www.plasticoprimavera.it\/wp-content\/uploads\/2020\/03\/AFP_PRIMAVERA_Big-2048x416.jpg 2048w, https:\/\/www.plasticoprimavera.it\/wp-content\/uploads\/2020\/03\/AFP_PRIMAVERA_Big-1226x249.jpg 1226w, https:\/\/www.plasticoprimavera.it\/wp-content\/uploads\/2020\/03\/AFP_PRIMAVERA_Big-675x137.jpg 675w\" sizes=\"(max-width: 1024px) 100vw, 1024px\" \/><\/a><figcaption class=\"blocks-gallery-item__caption\">Vista complessiva<\/figcaption><\/figure><\/li><\/ul><\/figure>\n","protected":false},"excerpt":{"rendered":"","protected":false},"author":1,"featured_media":0,"parent":0,"menu_order":0,"comment_status":"closed","ping_status":"closed","template":"","meta":{"footnotes":""},"_links":{"self":[{"href":"https:\/\/www.plasticoprimavera.it\/index.php?rest_route=\/wp\/v2\/pages\/191"}],"collection":[{"href":"https:\/\/www.plasticoprimavera.it\/index.php?rest_route=\/wp\/v2\/pages"}],"about":[{"href":"https:\/\/www.plasticoprimavera.it\/index.php?rest_route=\/wp\/v2\/types\/page"}],"author":[{"embeddable":true,"href":"https:\/\/www.plasticoprimavera.it\/index.php?rest_route=\/wp\/v2\/users\/1"}],"replies":[{"embeddable":true,"href":"https:\/\/www.plasticoprimavera.it\/index.php?rest_route=%2Fwp%2Fv2%2Fcomments&post=191"}],"version-history":[{"count":20,"href":"https:\/\/www.plasticoprimavera.it\/index.php?rest_route=\/wp\/v2\/pages\/191\/revisions"}],"predecessor-version":[{"id":241,"href":"https:\/\/www.plasticoprimavera.it\/index.php?rest_route=\/wp\/v2\/pages\/191\/revisions\/241"}],"wp:attachment":[{"href":"https:\/\/www.plasticoprimavera.it\/index.php?rest_route=%2Fwp%2Fv2%2Fmedia&parent=191"}],"curies":[{"name":"wp","href":"https:\/\/api.w.org\/{rel}","templated":true}]}}